{"id":2,"date":"2021-09-14T13:59:48","date_gmt":"2021-09-14T11:59:48","guid":{"rendered":"http:\/\/serwer111314.lh.pl\/homeplus\/?page_id=2"},"modified":"2025-10-30T17:41:08","modified_gmt":"2025-10-30T16:41:08","slug":"podwykonawcy","status":"publish","type":"page","link":"https:\/\/home-plus.pl\/en\/podwykonawcy\/","title":{"rendered":"SUBCONTRACTORS"},"content":{"rendered":"\t\t<div data-elementor-type=\"wp-page\" data-elementor-id=\"2\" class=\"elementor elementor-2\">\n\t\t\t\t\t\t<section class=\"elementor-section elementor-top-section elementor-element elementor-element-8715f53 elementor-section-height-min-height elementor-section-boxed elementor-section-height-default elementor-section-items-middle elementor-invisible\" data-id=\"8715f53\" data-element_type=\"section\" data-e-type=\"section\" data-settings=\"{&quot;background_background&quot;:&quot;slideshow&quot;,&quot;background_slideshow_gallery&quot;:[{&quot;id&quot;:1695,&quot;url&quot;:&quot;https:\\\/\\\/home-plus.pl\\\/wp-content\\\/uploads\\\/2025\\\/08\\\/1-1-scaled.jpeg&quot;}],&quot;background_slideshow_ken_burns&quot;:&quot;yes&quot;,&quot;background_slideshow_transition_duration&quot;:400,&quot;animation&quot;:&quot;slideInLeft&quot;,&quot;background_slideshow_loop&quot;:&quot;yes&quot;,&quot;background_slideshow_slide_duration&quot;:5000,&quot;background_slideshow_slide_transition&quot;:&quot;fade&quot;,&quot;background_slideshow_ken_burns_zoom_direction&quot;:&quot;in&quot;}\">\n\t\t\t\t\t\t\t<div class=\"elementor-background-overlay\"><\/div>\n\t\t\t\t\t\t\t<div class=\"elementor-container elementor-column-gap-default\">\n\t\t\t\t\t<div class=\"elementor-column elementor-col-100 elementor-top-column elementor-element elementor-element-f9b82ea\" data-id=\"f9b82ea\" data-element_type=\"column\" data-e-type=\"column\">\n\t\t\t<div class=\"elementor-widget-wrap elementor-element-populated\">\n\t\t\t\t\t\t<div class=\"elementor-element elementor-element-4c953c3 elementor-invisible elementor-widget elementor-widget-heading\" data-id=\"4c953c3\" data-element_type=\"widget\" data-e-type=\"widget\" data-settings=\"{&quot;_animation&quot;:&quot;slideInRight&quot;}\" data-widget_type=\"heading.default\">\n\t\t\t\t<div class=\"elementor-widget-container\">\n\t\t\t\t\t<h2 class=\"elementor-heading-title elementor-size-default\">PODWYKONAWCY<\/h2>\t\t\t\t<\/div>\n\t\t\t\t<\/div>\n\t\t\t\t<div class=\"elementor-element elementor-element-0959708 elementor-invisible elementor-widget elementor-widget-image\" data-id=\"0959708\" data-element_type=\"widget\" data-e-type=\"widget\" data-settings=\"{&quot;_animation&quot;:&quot;slideInLeft&quot;}\" data-widget_type=\"image.default\">\n\t\t\t\t<div class=\"elementor-widget-container\">\n\t\t\t\t\t\t\t\t\t\t\t\t\t\t\t<img decoding=\"async\" src=\"https:\/\/home-plus.pl\/wp-content\/uploads\/elementor\/thumbs\/PLUS-rdj1xmclwnlutv97hhapbp0u7v1j03jv91o9nx8a5w.png\" title=\"PLUS\" alt=\"PLUS\" loading=\"lazy\" \/>\t\t\t\t\t\t\t\t\t\t\t\t\t\t\t<\/div>\n\t\t\t\t<\/div>\n\t\t\t\t\t<\/div>\n\t\t<\/div>\n\t\t\t\t\t<\/div>\n\t\t<\/section>\n\t\t\t\t<section class=\"elementor-section elementor-top-section elementor-element elementor-element-f818b09 elementor-section-boxed elementor-section-height-default elementor-section-height-default elementor-invisible\" data-id=\"f818b09\" data-element_type=\"section\" data-e-type=\"section\" data-settings=\"{&quot;background_background&quot;:&quot;classic&quot;,&quot;animation&quot;:&quot;slideInRight&quot;}\">\n\t\t\t\t\t\t<div class=\"elementor-container elementor-column-gap-default\">\n\t\t\t\t\t<div class=\"elementor-column elementor-col-100 elementor-top-column elementor-element elementor-element-b2fc716\" data-id=\"b2fc716\" data-element_type=\"column\" data-e-type=\"column\">\n\t\t\t<div class=\"elementor-widget-wrap elementor-element-populated\">\n\t\t\t\t\t\t<div class=\"elementor-element elementor-element-a52e00a elementor-widget elementor-widget-spacer\" data-id=\"a52e00a\" data-element_type=\"widget\" data-e-type=\"widget\" data-widget_type=\"spacer.default\">\n\t\t\t\t<div class=\"elementor-widget-container\">\n\t\t\t\t\t\t\t<div class=\"elementor-spacer\">\n\t\t\t<div class=\"elementor-spacer-inner\"><\/div>\n\t\t<\/div>\n\t\t\t\t\t\t<\/div>\n\t\t\t\t<\/div>\n\t\t\t\t<div class=\"elementor-element elementor-element-d1164ad elementor-widget-divider--view-line elementor-widget elementor-widget-divider\" data-id=\"d1164ad\" data-element_type=\"widget\" data-e-type=\"widget\" data-widget_type=\"divider.default\">\n\t\t\t\t<div class=\"elementor-widget-container\">\n\t\t\t\t\t\t\t<div class=\"elementor-divider\">\n\t\t\t<span class=\"elementor-divider-separator\">\n\t\t\t\t\t\t<\/span>\n\t\t<\/div>\n\t\t\t\t\t\t<\/div>\n\t\t\t\t<\/div>\n\t\t\t\t<div class=\"elementor-element elementor-element-558b568 elementor-widget elementor-widget-text-editor\" data-id=\"558b568\" data-element_type=\"widget\" data-e-type=\"widget\" data-widget_type=\"text-editor.default\">\n\t\t\t\t<div class=\"elementor-widget-container\">\n\t\t\t\t\t\t\t\t\t<p>W Home+ stawiamy na jako\u015b\u0107, rzetelno\u015b\u0107 i zaufanie. Dlatego wsp\u00f3\u0142pracujemy wy\u0142\u0105cznie z do\u015bwiadczonymi i sprawdzonymi firmami z bran\u017cy nieruchomo\u015bci i wyko\u0144cze\u0144 wn\u0119trz. Naszymi partnerami s\u0105 renomowane agencje nieruchomo\u015bci, projektanci wn\u0119trz, firmy meblowe, stolarze oraz ekipy remontowo-wyko\u0144czeniowe, dzi\u0119ki czemu oferujemy kompleksow\u0105 obs\u0142ug\u0119 inwestycji \u2013 od wyboru nieruchomo\u015bci po gotowe wn\u0119trze.<\/p><p>Dzi\u0119ki sieci zaufanych specjalist\u00f3w zapewniamy sp\u00f3jny proces realizacji, wysok\u0105 jako\u015b\u0107 wykonania i pe\u0142ne wsparcie techniczne na ka\u017cdym etapie wsp\u00f3\u0142pracy.<\/p>\t\t\t\t\t\t\t\t<\/div>\n\t\t\t\t<\/div>\n\t\t\t\t<div class=\"elementor-element elementor-element-1e57dd7 elementor-widget elementor-widget-spacer\" data-id=\"1e57dd7\" data-element_type=\"widget\" data-e-type=\"widget\" data-widget_type=\"spacer.default\">\n\t\t\t\t<div class=\"elementor-widget-container\">\n\t\t\t\t\t\t\t<div class=\"elementor-spacer\">\n\t\t\t<div class=\"elementor-spacer-inner\"><\/div>\n\t\t<\/div>\n\t\t\t\t\t\t<\/div>\n\t\t\t\t<\/div>\n\t\t\t\t\t<\/div>\n\t\t<\/div>\n\t\t\t\t\t<\/div>\n\t\t<\/section>\n\t\t\t\t<section class=\"elementor-section elementor-top-section elementor-element elementor-element-b457ba7 elementor-section-boxed elementor-section-height-default elementor-section-height-default\" data-id=\"b457ba7\" data-element_type=\"section\" data-e-type=\"section\">\n\t\t\t\t\t\t<div class=\"elementor-container elementor-column-gap-default\">\n\t\t\t\t\t<div class=\"elementor-column elementor-col-100 elementor-top-column elementor-element elementor-element-18719cf\" data-id=\"18719cf\" data-element_type=\"column\" data-e-type=\"column\">\n\t\t\t<div class=\"elementor-widget-wrap elementor-element-populated\">\n\t\t\t\t\t\t<div class=\"elementor-element elementor-element-eecdcd6 elementor-widget-divider--view-line elementor-widget elementor-widget-divider\" data-id=\"eecdcd6\" data-element_type=\"widget\" data-e-type=\"widget\" data-widget_type=\"divider.default\">\n\t\t\t\t<div class=\"elementor-widget-container\">\n\t\t\t\t\t\t\t<div class=\"elementor-divider\">\n\t\t\t<span class=\"elementor-divider-separator\">\n\t\t\t\t\t\t<\/span>\n\t\t<\/div>\n\t\t\t\t\t\t<\/div>\n\t\t\t\t<\/div>\n\t\t\t\t<div class=\"elementor-element elementor-element-41a5d08 elementor-widget elementor-widget-spacer\" data-id=\"41a5d08\" data-element_type=\"widget\" data-e-type=\"widget\" data-widget_type=\"spacer.default\">\n\t\t\t\t<div class=\"elementor-widget-container\">\n\t\t\t\t\t\t\t<div class=\"elementor-spacer\">\n\t\t\t<div class=\"elementor-spacer-inner\"><\/div>\n\t\t<\/div>\n\t\t\t\t\t\t<\/div>\n\t\t\t\t<\/div>\n\t\t\t\t<div class=\"elementor-element elementor-element-6c7d888 elementor-widget elementor-widget-text-editor\" data-id=\"6c7d888\" data-element_type=\"widget\" data-e-type=\"widget\" data-widget_type=\"text-editor.default\">\n\t\t\t\t<div class=\"elementor-widget-container\">\n\t\t\t\t\t\t\t\t\t<p data-start=\"189\" data-end=\"626\">PARTNERZY:<\/p>\t\t\t\t\t\t\t\t<\/div>\n\t\t\t\t<\/div>\n\t\t\t\t<div class=\"elementor-element elementor-element-63aed1c elementor-widget elementor-widget-spacer\" data-id=\"63aed1c\" data-element_type=\"widget\" data-e-type=\"widget\" data-widget_type=\"spacer.default\">\n\t\t\t\t<div class=\"elementor-widget-container\">\n\t\t\t\t\t\t\t<div class=\"elementor-spacer\">\n\t\t\t<div class=\"elementor-spacer-inner\"><\/div>\n\t\t<\/div>\n\t\t\t\t\t\t<\/div>\n\t\t\t\t<\/div>\n\t\t\t\t<section class=\"elementor-section elementor-inner-section elementor-element elementor-element-15321ba elementor-section-boxed elementor-section-height-default elementor-section-height-default\" data-id=\"15321ba\" data-element_type=\"section\" data-e-type=\"section\">\n\t\t\t\t\t\t<div class=\"elementor-container elementor-column-gap-default\">\n\t\t\t\t\t<div class=\"elementor-column elementor-col-33 elementor-inner-column elementor-element elementor-element-431da75\" data-id=\"431da75\" data-element_type=\"column\" data-e-type=\"column\">\n\t\t\t<div class=\"elementor-widget-wrap elementor-element-populated\">\n\t\t\t\t\t\t<div class=\"elementor-element elementor-element-0273158 elementor-widget elementor-widget-image\" data-id=\"0273158\" data-element_type=\"widget\" data-e-type=\"widget\" data-widget_type=\"image.default\">\n\t\t\t\t<div class=\"elementor-widget-container\">\n\t\t\t\t\t\t\t\t\t\t\t\t\t\t\t<img decoding=\"async\" src=\"https:\/\/home-plus.pl\/wp-content\/uploads\/elementor\/thumbs\/Przedpokoj-rdjh1ndxq63t41kx6u2duord6yc3cok3z0nck79mzk.jpg\" title=\"Przedpokoj\" alt=\"Przedpokoj\" loading=\"lazy\" \/>\t\t\t\t\t\t\t\t\t\t\t\t\t\t\t<\/div>\n\t\t\t\t<\/div>\n\t\t\t\t\t<\/div>\n\t\t<\/div>\n\t\t\t\t<div class=\"elementor-column elementor-col-33 elementor-inner-column elementor-element elementor-element-a1745d5\" data-id=\"a1745d5\" data-element_type=\"column\" data-e-type=\"column\">\n\t\t\t<div class=\"elementor-widget-wrap elementor-element-populated\">\n\t\t\t\t\t\t<div class=\"elementor-element elementor-element-d8b4dc3 elementor-widget elementor-widget-image\" data-id=\"d8b4dc3\" data-element_type=\"widget\" data-e-type=\"widget\" data-widget_type=\"image.default\">\n\t\t\t\t<div class=\"elementor-widget-container\">\n\t\t\t\t\t\t\t\t\t\t\t\t\t\t\t\t<a href=\"https:\/\/solea-properties.com\">\n\t\t\t\t\t\t\t<img decoding=\"async\" src=\"https:\/\/home-plus.pl\/wp-content\/uploads\/elementor\/thumbs\/Solea1-rdjnc1shum13iuq0674fx21830fsc6cnflekuhkyao.jpg\" title=\"Solea1\" alt=\"Solea1\" loading=\"lazy\" \/>\t\t\t\t\t\t\t\t<\/a>\n\t\t\t\t\t\t\t\t\t\t\t\t\t\t\t<\/div>\n\t\t\t\t<\/div>\n\t\t\t\t\t<\/div>\n\t\t<\/div>\n\t\t\t\t<div class=\"elementor-column elementor-col-33 elementor-inner-column elementor-element elementor-element-f49739b\" data-id=\"f49739b\" data-element_type=\"column\" data-e-type=\"column\">\n\t\t\t<div class=\"elementor-widget-wrap elementor-element-populated\">\n\t\t\t\t\t\t<div class=\"elementor-element elementor-element-a0eef53 elementor-widget elementor-widget-image\" data-id=\"a0eef53\" data-element_type=\"widget\" data-e-type=\"widget\" data-widget_type=\"image.default\">\n\t\t\t\t<div class=\"elementor-widget-container\">\n\t\t\t\t\t\t\t\t\t\t\t\t\t\t\t<img decoding=\"async\" src=\"https:\/\/home-plus.pl\/wp-content\/uploads\/elementor\/thumbs\/Home-Works-rdjh1mg3jc2isfmacbnra6zwlkgq4zgdmvzv2xb15s.jpg\" title=\"Home-Works\" alt=\"Home-Works\" loading=\"lazy\" \/>\t\t\t\t\t\t\t\t\t\t\t\t\t\t\t<\/div>\n\t\t\t\t<\/div>\n\t\t\t\t\t<\/div>\n\t\t<\/div>\n\t\t\t\t\t<\/div>\n\t\t<\/section>\n\t\t\t\t<div class=\"elementor-element elementor-element-a46633f elementor-widget elementor-widget-spacer\" data-id=\"a46633f\" data-element_type=\"widget\" data-e-type=\"widget\" data-widget_type=\"spacer.default\">\n\t\t\t\t<div class=\"elementor-widget-container\">\n\t\t\t\t\t\t\t<div class=\"elementor-spacer\">\n\t\t\t<div class=\"elementor-spacer-inner\"><\/div>\n\t\t<\/div>\n\t\t\t\t\t\t<\/div>\n\t\t\t\t<\/div>\n\t\t\t\t\t<\/div>\n\t\t<\/div>\n\t\t\t\t\t<\/div>\n\t\t<\/section>\n\t\t\t\t<\/div>\n\t\t","protected":false},"excerpt":{"rendered":"<p>PODWYKONAWCY W Home+ stawiamy na jako\u015b\u0107, rzetelno\u015b\u0107 i zaufanie. Dlatego wsp\u00f3\u0142pracujemy wy\u0142\u0105cznie z do\u015bwiadczonymi i sprawdzonymi firmami z bran\u017cy nieruchomo\u015bci i wyko\u0144cze\u0144 wn\u0119trz. Naszymi partnerami s\u0105 renomowane agencje nieruchomo\u015bci, projektanci wn\u0119trz, firmy meblowe, stolarze oraz ekipy remontowo-wyko\u0144czeniowe, dzi\u0119ki czemu oferujemy kompleksow\u0105 obs\u0142ug\u0119 inwestycji \u2013 od wyboru nieruchomo\u015bci po gotowe wn\u0119trze. Dzi\u0119ki sieci zaufanych specjalist\u00f3w zapewniamy&hellip; <a class=\"more-link\" href=\"https:\/\/home-plus.pl\/en\/podwykonawcy\/\">Continue reading <span class=\"screen-reader-text\">SUBCONTRACTORS<\/span><\/a><\/p>","protected":false},"author":4,"featured_media":0,"parent":0,"menu_order":0,"comment_status":"closed","ping_status":"closed","template":"elementor_header_footer","meta":{"footnotes":""},"class_list":["post-2","page","type-page","status-publish","hentry","entry"],"_links":{"self":[{"href":"https:\/\/home-plus.pl\/en\/wp-json\/wp\/v2\/pages\/2","targetHints":{"allow":["GET"]}}],"collection":[{"href":"https:\/\/home-plus.pl\/en\/wp-json\/wp\/v2\/pages"}],"about":[{"href":"https:\/\/home-plus.pl\/en\/wp-json\/wp\/v2\/types\/page"}],"author":[{"embeddable":true,"href":"https:\/\/home-plus.pl\/en\/wp-json\/wp\/v2\/users\/4"}],"replies":[{"embeddable":true,"href":"https:\/\/home-plus.pl\/en\/wp-json\/wp\/v2\/comments?post=2"}],"version-history":[{"count":248,"href":"https:\/\/home-plus.pl\/en\/wp-json\/wp\/v2\/pages\/2\/revisions"}],"predecessor-version":[{"id":2652,"href":"https:\/\/home-plus.pl\/en\/wp-json\/wp\/v2\/pages\/2\/revisions\/2652"}],"wp:attachment":[{"href":"https:\/\/home-plus.pl\/en\/wp-json\/wp\/v2\/media?parent=2"}],"curies":[{"name":"wp","href":"https:\/\/api.w.org\/{rel}","templated":true}]}}